{"id":19,"date":"2018-10-15T12:21:29","date_gmt":"2018-10-15T10:21:29","guid":{"rendered":"http:\/\/www.spectory.at\/wozabal\/?page_id=19"},"modified":"2019-01-09T14:19:34","modified_gmt":"2019-01-09T13:19:34","slug":"impressum","status":"publish","type":"page","link":"https:\/\/www.wozabalconsult.at\/en\/impressum\/","title":{"rendered":"Impressum"},"content":{"rendered":"<div id=\"pl-19\"  class=\"panel-layout\" ><div id=\"pg-19-0\"  class=\"panel-grid panel-has-style\" ><div class=\"panel-row-style panel-row-style-for-19-0\" ><div id=\"pgc-19-0-0\"  class=\"panel-grid-cell\" ><div id=\"panel-19-0-0-0\" class=\"so-panel widget widget_sow-editor panel-first-child panel-last-child\" data-index=\"0\" ><div class=\"so-widget-sow-editor so-widget-sow-editor-base\">\n<div class=\"siteorigin-widget-tinymce textwidget\">\n\t<p class=\"adsimple-221076154\">Informationspflicht laut \u00a75 E-Commerce Gesetz, \u00a714 Unternehmensgesetzbuch, \u00a763 Gewerbeordnung und Offenlegungspflicht laut \u00a725 Mediengesetz.<\/p>\n<p class=\"adsimple-221076154\">Wozabal Consult<br \/>\nChristian Wozabal<br \/>\nHauptstra\u00dfe 83-85,<br \/>\n4040 Linz,<br \/>\n\u00d6sterreich<\/p>\n<p class=\"adsimple-221076154\"><strong>Unternehmensgegenstand:<\/strong> Unternehmensberatung, Consulting<br \/>\n<strong>Gerichtsbarkeit:<\/strong> Linz-Land<br \/>\n<strong>Firmensitz:<\/strong> Buchenweg 7, 4502 St. Martin, \u00d6sterreich<br \/>\n<strong>Gisa-Zahl:<\/strong> 30240476<br \/>\n<strong>UID-Nummer:<\/strong><\/p>\n<p class=\"adsimple-221076154\">\n<p class=\"adsimple-221076154\"><strong>Tel.:<\/strong> +43 676 5756549<br \/>\n<strong>E-Mail:<\/strong> <a href=\"mailto:office@wozabalconsult.at\">office@wozabalconsult.at<\/a><\/p>\n<p class=\"adsimple-221076154\"><strong>Mitglied bei:<\/strong> WKO<br \/>\n<strong>Berufsrecht:<\/strong> Gewerbeordnung: www.ris.bka.gv.at<\/p>\n<p class=\"adsimple-221076154\"><strong>Aufsichtsbeh\u00f6rde\/Gewerbebeh\u00f6rde:<\/strong> Bezirkshauptmannschaft Linz-Land<br \/>\n<strong>Berufsbezeichnung:<\/strong> Unternehmensberater<br \/>\n<strong>Verleihungsstaat:<\/strong> \u00d6sterreich<\/p>\n<p>Quelle: Erstellt\u00a0mit dem <a title=\"Impressum Generator von firmenwebseiten.at\" href=\"https:\/\/www.firmenwebseiten.at\/impressum-generator\/\" target=\"_blank\" rel=\"follow noopener\">Impressum Generator von firmenwebseiten.at<\/a>\u00a0in Kooperation mit <a class=\"external\" title=\"Netstarter Webdesign und Online Marketing\" href=\"https:\/\/www.netstarter.at\/\" target=\"_blank\" rel=\"follow noopener\">netstarter.at<\/a><\/p>\n<h2 class=\"adsimple-221076154\">EU-Streitschlichtung<\/h2>\n<p>Gem\u00e4\u00df Verordnung \u00fcber Online-Streitbeilegung in Verbraucherangelegenheiten (ODR-Verordnung) m\u00f6chten wir Sie \u00fcber die Online-Streitbeilegungsplattform (OS-Plattform) informieren.<br \/>\nVerbraucher haben die M\u00f6glichkeit, Beschwerden an die Online Streitbeilegungsplattform der Europ\u00e4ischen Kommission unter <a class=\"adsimple-221076154\" href=\"https:\/\/ec.europa.eu\/consumers\/odr\/main\/index.cfm?event=main.home2.show&amp;lng=DE\" target=\"_blank\" rel=\"nofollow noopener\">http:\/\/ec.europa.eu\/odr?tid=221076154<\/a> zu richten. Die daf\u00fcr notwendigen Kontaktdaten finden Sie oberhalb in unserem Impressum.<\/p>\n<p>Wir m\u00f6chten Sie jedoch darauf hinweisen, dass wir nicht bereit oder verpflichtet sind, an Streitbeilegungsverfahren vor einer Verbraucherschlichtungsstelle teilzunehmen.<\/p>\n<h2 class=\"adsimple-221076154\">Haftung f\u00fcr Inhalte dieser Webseite<\/h2>\n<p>Wir entwickeln die Inhalte dieser Webseite st\u00e4ndig weiter und bem\u00fchen uns korrekte und aktuelle Informationen bereitzustellen. Leider k\u00f6nnen wir keine Haftung f\u00fcr die Korrektheit aller Inhalte auf dieser Webseite \u00fcbernehmen, speziell f\u00fcr jene die seitens Dritter bereitgestellt wurden.<\/p>\n<p>Sollten Ihnen problematische oder rechtswidrige Inhalte auffallen, bitte wir Sie uns umgehend zu kontaktieren, Sie finden die Kontaktdaten im Impressum.<\/p>\n<h2 class=\"adsimple-221076154\">Haftung f\u00fcr Links auf dieser Webseite<\/h2>\n<p>Unsere Webseite enth\u00e4lt Links zu anderen Webseiten f\u00fcr deren Inhalt wir nicht verantwortlich sind. Haftung f\u00fcr verlinkte Websites besteht laut <a class=\"adsimple-221076154\" href=\"https:\/\/www.ris.bka.gv.at\/Dokument.wxe?Abfrage=Bundesnormen&amp;Dokumentnummer=NOR40025813&amp;tid=221076154\" target=\"_blank\" rel=\"noopener nofollow\">\u00a7 17 ECG<\/a> f\u00fcr uns nicht, da wir keine Kenntnis rechtswidriger T\u00e4tigkeiten hatten und haben, uns solche Rechtswidrigkeiten auch bisher nicht aufgefallen sind und wir Links sofort entfernen w\u00fcrden, wenn uns Rechtswidrigkeiten bekannt werden.<\/p>\n<p>Wenn Ihnen rechtswidrige Links auf unserer Website auffallen, bitte wir Sie uns zu kontaktieren, Sie finden die Kontaktdaten im Impressum.<\/p>\n<h2 class=\"adsimple-221076154\">Urheberrechtshinweis<\/h2>\n<p>Alle Inhalte dieser Webseite (Bilder, Fotos, Texte, Videos) unterliegen dem Urheberrecht. Falls notwendig, werden wir die unerlaubte Nutzung von Teilen der Inhalte unserer Seite rechtlich verfolgen.<\/p>\n<h2 class=\"adsimple-221076154\">Bildernachweis<\/h2>\n<p>Die Bilder, Fotos und Grafiken auf dieser Webseite sind urheberrechtlich gesch\u00fctzt.<\/p>\n<p>Die Bilderrechte liegen bei den folgenden Fotografen und Unternehmen:<\/p>\n<ul class=\"adsimple-221076154\">\n<li class=\"adsimple-221076154\">spectory - Werbeagentur<\/li>\n<\/ul>\n<\/div>\n<\/div><\/div><\/div><\/div><\/div><\/div>","protected":false},"excerpt":{"rendered":"<p>Informationspflicht laut \u00a75 E-Commerce Gesetz, \u00a714 Unternehmensgesetzbuch, \u00a763 Gewerbeordnung und Offenlegungspflicht laut \u00a725 Mediengesetz. Wozabal Consult Christian Wozabal Hauptstra\u00dfe 83-85, 4040 Linz, \u00d6sterreich Unternehmensgegenstand: Unternehmensberatung, Consulting Gerichtsbarkeit: Linz-Land Firmensitz: Buchenweg 7, 4502 St. Martin, \u00d6sterreich Gisa-Zahl: 30240476 UID-Nummer: Tel.: +43 676 5756549 E-Mail: office@wozabalconsult.at Mitglied bei: WKO Berufsrecht: Gewerbeordnung: www.ris.bka.gv.at Aufsichtsbeh\u00f6rde\/Gewerbebeh\u00f6rde: Bezirkshauptmannschaft Linz-Land Berufsbezeichnung: Unternehmensberater [&hellip;]<\/p>\n","protected":false},"author":1,"featured_media":0,"parent":0,"menu_order":0,"comment_status":"closed","ping_status":"closed","template":"","meta":[],"_links":{"self":[{"href":"https:\/\/www.wozabalconsult.at\/en\/wp-json\/wp\/v2\/pages\/19\/"}],"collection":[{"href":"https:\/\/www.wozabalconsult.at\/en\/wp-json\/wp\/v2\/pages\/"}],"about":[{"href":"https:\/\/www.wozabalconsult.at\/en\/wp-json\/wp\/v2\/types\/page\/"}],"author":[{"embeddable":true,"href":"https:\/\/www.wozabalconsult.at\/en\/wp-json\/wp\/v2\/users\/1\/"}],"replies":[{"embeddable":true,"href":"https:\/\/www.wozabalconsult.at\/en\/wp-json\/wp\/v2\/comments\/?post=19"}],"version-history":[{"count":7,"href":"https:\/\/www.wozabalconsult.at\/en\/wp-json\/wp\/v2\/pages\/19\/revisions\/"}],"predecessor-version":[{"id":456,"href":"https:\/\/www.wozabalconsult.at\/en\/wp-json\/wp\/v2\/pages\/19\/revisions\/456\/"}],"wp:attachment":[{"href":"https:\/\/www.wozabalconsult.at\/en\/wp-json\/wp\/v2\/media\/?parent=19"}],"curies":[{"name":"wp","href":"https:\/\/api.w.org\/{rel}","templated":true}]}}